{"id":98,"date":"2018-11-05T20:06:33","date_gmt":"2018-11-05T17:06:33","guid":{"rendered":"http:\/\/www.penplast.com.tr\/?post_type=product&#038;p=98"},"modified":"2021-04-13T18:22:39","modified_gmt":"2021-04-13T15:22:39","slug":"nirvana","status":"publish","type":"product","link":"https:\/\/www.penplast.com.tr\/fr\/magaza\/nirvana\/","title":{"rendered":"Nirvana"},"content":{"rendered":"<p><span style=\"font-size: 12pt;\"><strong>Conception<\/strong><\/span><br \/>\nSyst\u00e8me de portes et fen\u00eatres Pimapen Nirvana Premium est une s\u00e9rie avec un profil\u00e9 de rail de jonction sp\u00e9cialement con\u00e7u offrant une r\u00e9sistance \u00e9lev\u00e9e \u00e0 la charge du vent dans les immeubles de grande hauteur.<\/p>\n<p>Il a \u00e9t\u00e9 soumis \u00e0 divers tests par l&rsquo;Institut RAL-Allemagne et a re\u00e7u un certificat d&rsquo;assurance qualit\u00e9..<br \/>\nLe profil\u00e9 d&rsquo;ouvrant du syst\u00e8me de portes et fen\u00eatres Pimapen Nirvana Premium est auto-drainant et a un aspect esth\u00e9tique.<br \/>\nGr\u00e2ce \u00e0 la hauteur optimis\u00e9e du profil\u00e9 de porte en PVC Il augmente la section du verre permettant des emplacements spacieux.<br \/>\nEn plus de la couleur blanche de son corps, il dispose de 13 profil\u00e9s lamin\u00e9e de couleurs et de motifs diff\u00e9rents et s&rsquo;int\u00e8gre parfaitement \u00e0 la d\u00e9coration de l&rsquo;architecture de votre maison.<br \/>\nGr\u00e2ce aux lattes de conception sp\u00e9ciale, des combinaisons esth\u00e9tiques profil\u00e9 en PVC-verre sont fournies.<br \/>\nUn profil\u00e9 de cadre avec syst\u00e8me int\u00e9gr\u00e9 assure une esth\u00e9tique visuelle de la surface int\u00e9rieure et des joints entre le mur et la menuiserie.<br \/>\nIl permet une utilisation fonctionnelle avec diff\u00e9rents types d&rsquo;ouverture.<br \/>\n<span style=\"font-size: 12pt;\"><strong>Accessoire<\/strong><\/span><br \/>\nVous pouvez choisir diff\u00e9rentes couleurs de poign\u00e9es de fen\u00eatre et de porte pour correspondre au style architectural de votre maison.<br \/>\nVous pouvez contr\u00f4ler avec l\u2019harmonie les entr\u00e9es de la lumi\u00e8re par le biais de syst\u00e8me Pimastor.<br \/>\nPeut convenir pour la mise en place de moustiquaire.<\/p>\n<p><span style=\"font-size: 12pt;\"><strong>Isolation<\/strong><\/span><\/p>\n<p>Avec les profil\u00e9s principaux d\u2019une largeur de 80 mm et les profil\u00e9s \u00e0 6 cellules offrent un haut niveau d&rsquo;isolation thermique et phonique.<br \/>\nProfil\u00e9s de syst\u00e8mes de portes et fen\u00eatres Pimapen Nirvana poss\u00e8dent une faible valeur de transmission thermique (* Uf = 0,95 W \/ m\u00b2K). Il permet d&rsquo;utiliser des unit\u00e9s \u00e0 trois verres de 44 mm (Ug = 0,6-0,7 W \/ m\u00b2K). La valeur de transmission thermique des fen\u00eatres de la s\u00e9rie Nirvana appliqu\u00e9es avec ce type de verre sera Uw = 0,78 W \/ m\u00b2K et offre un niveau d&rsquo;isolation thermique exceptionnel (*: valeur calcul\u00e9e).<br \/>\nLes joints \u00e9lastiques antitaches gris et noir utilis\u00e9s dans les Profil\u00e9s de syst\u00e8mes de portes et fen\u00eatres Pimapen Nirvana offrent un haut niveau d&rsquo;isolation \u00e0 l&rsquo;air, \u00e0 l&rsquo;eau, au bruit et \u00e0 la poussi\u00e8re.<br \/>\nSon syst\u00e8me \u00e0 trois joints comprenant les joints int\u00e9rieurs, ext\u00e9rieurs et interm\u00e9diaire contribue \u00e0 l&rsquo;isolation thermique et acoustique et prot\u00e8ge les \u00e9quipements utilis\u00e9s pour l&rsquo;ouverture du ch\u00e2ssis contre la corrosion, ce qui les rend durables.<\/p>\n<p>Des joints qui ont une haute r\u00e9sistance aux UV, et aussi \u00e0 des variables telles que l&rsquo;humidit\u00e9 ou \u00e0 la temp\u00e9rature ambiante sont utilis\u00e9s.<\/p>\n<p><span style=\"font-size: 12pt;\"><strong>S\u00e9curit\u00e9<\/strong><\/span><\/p>\n<p>Il existe des rails permettant l&rsquo;utilisation des panneaux de 24-30-36-44 mm de largeur, de double vitrage, de trois verres.<br \/>\nFournit une haute s\u00e9curit\u00e9 dans des combinaisons de verre jusqu&rsquo;\u00e0 52 mm.<\/p>\n","protected":false},"excerpt":{"rendered":"<p>Les syst\u00e8mes de portes et fen\u00eatres Pimapen Nirvana ajoutent de la valeur \u00e0 l&rsquo;endroit o\u00f9 vous vivez en offrant un large champ de vision en plus de ses excellentes caract\u00e9ristiques d&rsquo;isolation phonique et thermique.<\/p>\n<p style=\"text-align: center;\"><strong>CATALOGUE DE COULEUR<\/strong><\/p>\n[foogallery id=\"87\"]\n<p style=\"text-align: center;\"><strong>CARACT\u00c9RISTIQUES DU PROFILE<\/strong><\/p>\n<p>Largeur du profil\u00e9: 80 mm<br \/>\nNombre de chambres: 6<br \/>\nClasse de profil\u00e9 B Class (TS EN 12608-1)<br \/>\nSyst\u00e8me d&rsquo;\u00e9tanch\u00e9it\u00e9: syst\u00e8me int\u00e9rieur-ext\u00e9rieur \u00e0 3 joints<br \/>\nType \/ couleur de joint: TPE &#8211; Gris \/ Noir<br \/>\n\u00c9paisseur du verre (mm): 24,30,36,44,52<br \/>\nUf : 0,95 W\/m2 K<\/p>\n<p><a href=\"https:\/\/www.penplast.com.tr\/fr\/magaza\/nirvana\/\">Continue Reading<span class=\"meta-nav\">&rarr;<\/span><\/a><\/p>\n","protected":false},"featured_media":99,"template":"","meta":[],"product_cat":[19],"product_tag":[],"class_list":["post-98","product","type-product","status-publish","has-post-thumbnail","hentry","product_cat-pencere-ve-kapi-sistemleri"],"translation":{"provider":"WPGlobus","version":"3.0.2","language":"fr","enabled_languages":["tr","en","fr"],"languages":{"tr":{"title":true,"content":true,"excerpt":true},"en":{"title":true,"content":true,"excerpt":true},"fr":{"title":true,"content":true,"excerpt":true}}},"_links":{"self":[{"href":"https:\/\/www.penplast.com.tr\/fr\/wp-json\/wp\/v2\/product\/98","targetHints":{"allow":["GET"]}}],"collection":[{"href":"https:\/\/www.penplast.com.tr\/fr\/wp-json\/wp\/v2\/product"}],"about":[{"href":"https:\/\/www.penplast.com.tr\/fr\/wp-json\/wp\/v2\/types\/product"}],"wp:featuredmedia":[{"embeddable":true,"href":"https:\/\/www.penplast.com.tr\/fr\/wp-json\/wp\/v2\/media\/99"}],"wp:attachment":[{"href":"https:\/\/www.penplast.com.tr\/fr\/wp-json\/wp\/v2\/media?parent=98"}],"wp:term":[{"taxonomy":"product_cat","embeddable":true,"href":"https:\/\/www.penplast.com.tr\/fr\/wp-json\/wp\/v2\/product_cat?post=98"},{"taxonomy":"product_tag","embeddable":true,"href":"https:\/\/www.penplast.com.tr\/fr\/wp-json\/wp\/v2\/product_tag?post=98"}],"curies":[{"name":"wp","href":"https:\/\/api.w.org\/{rel}","templated":true}]}}