{"id":199,"date":"2018-11-05T23:51:15","date_gmt":"2018-11-05T20:51:15","guid":{"rendered":"http:\/\/www.penplast.com.tr\/?post_type=product&#038;p=199"},"modified":"2021-04-09T19:58:18","modified_gmt":"2021-04-09T16:58:18","slug":"aluminyum-giydirme-sistemi","status":"publish","type":"product","link":"https:\/\/www.penplast.com.tr\/fr\/magaza\/systeme-de-revetement-en-aluminium\/","title":{"rendered":"Syst\u00e8me de rev\u00eatement en aluminium"},"content":{"rendered":"<p>Le syst\u00e8me de rev\u00eatement en aluminium PIMAPEN est con\u00e7u pour combiner l&rsquo;aspect esth\u00e9tique de l&rsquo;aluminium avec l&rsquo;isolation exceptionnelle des profil\u00e9s en PVC. Il est utilis\u00e9 uniquement sur les surfaces ext\u00e9rieures des fen\u00eatres.<\/p>\n<p>Nos fen\u00eatres sont facilement adaptables aux fa\u00e7ades gr\u00e2ce \u00e0 ces aspects en aluminium.<\/p>\n<p>Grace \u00e0 l&rsquo;espace d&rsquo;air laiss\u00e9 entre le profil\u00e9 PVC et le rev\u00eatement en aluminium, il am\u00e9liore encore l&rsquo;isolation des fen\u00eatres.<\/p>\n<p>Il existe des options de couleurs adapt\u00e9es \u00e0 la fa\u00e7ade du b\u00e2timent.<\/p>\n","protected":false},"excerpt":{"rendered":"<p>Le syst\u00e8me de rev\u00eatement en aluminium PIMAPEN est con\u00e7u pour combiner l&rsquo;aspect esth\u00e9tique de l&rsquo;aluminium avec l&rsquo;isolation exceptionnelle des profil\u00e9s en PVC.<\/p>\n<p><a href=\"https:\/\/www.penplast.com.tr\/fr\/magaza\/systeme-de-revetement-en-aluminium\/\">Continue Reading<span class=\"meta-nav\">&rarr;<\/span><\/a><\/p>\n","protected":false},"featured_media":200,"template":"","meta":[],"product_cat":[209,26],"product_tag":[],"class_list":["post-199","product","type-product","status-publish","has-post-thumbnail","hentry","product_cat-pimapen-sistem","product_cat-aluminyum-giydirme-sistemi"],"translation":{"provider":"WPGlobus","version":"3.0.2","language":"fr","enabled_languages":["tr","en","fr"],"languages":{"tr":{"title":true,"content":true,"excerpt":true},"en":{"title":true,"content":true,"excerpt":true},"fr":{"title":true,"content":true,"excerpt":true}}},"_links":{"self":[{"href":"https:\/\/www.penplast.com.tr\/fr\/wp-json\/wp\/v2\/product\/199","targetHints":{"allow":["GET"]}}],"collection":[{"href":"https:\/\/www.penplast.com.tr\/fr\/wp-json\/wp\/v2\/product"}],"about":[{"href":"https:\/\/www.penplast.com.tr\/fr\/wp-json\/wp\/v2\/types\/product"}],"wp:featuredmedia":[{"embeddable":true,"href":"https:\/\/www.penplast.com.tr\/fr\/wp-json\/wp\/v2\/media\/200"}],"wp:attachment":[{"href":"https:\/\/www.penplast.com.tr\/fr\/wp-json\/wp\/v2\/media?parent=199"}],"wp:term":[{"taxonomy":"product_cat","embeddable":true,"href":"https:\/\/www.penplast.com.tr\/fr\/wp-json\/wp\/v2\/product_cat?post=199"},{"taxonomy":"product_tag","embeddable":true,"href":"https:\/\/www.penplast.com.tr\/fr\/wp-json\/wp\/v2\/product_tag?post=199"}],"curies":[{"name":"wp","href":"https:\/\/api.w.org\/{rel}","templated":true}]}}