{"id":136,"date":"2018-11-05T21:20:15","date_gmt":"2018-11-05T18:20:15","guid":{"rendered":"http:\/\/www.penplast.com.tr\/?post_type=product&#038;p=136"},"modified":"2021-04-11T17:36:27","modified_gmt":"2021-04-11T14:36:27","slug":"inoutic-arcade","status":"publish","type":"product","link":"https:\/\/www.penplast.com.tr\/fr\/magaza\/inoutic-arcade\/","title":{"rendered":"\u0130noutic Arcade"},"content":{"rendered":"<p><span style=\"font-size: 12pt;\"><strong>CARACT\u00c9RISTIQUES DU PROFILE<\/strong><\/span><br \/>\nLargeur du profil\u00e9 : 71 mm<br \/>\nNombre de chambres : 5<br \/>\nClasse : B Class \u2013 EN 12608<br \/>\njoint: TPE &#8211; Gris \/ Noir<\/p>\n<p>Nombre de joint : 2<br \/>\nLatte: Double ar\u00eate &#8211; joint TPE \/<br \/>\n\u00c9paisseur du verre (mm):12,14,20,24,28,30,32,36<\/p>\n","protected":false},"excerpt":{"rendered":"<p>La s\u00e9rie Arcade d&rsquo;Inoutic, qui est membre du groupe Deceuninck et produite en Allemagne, a une largeur de 71 mm. En plus de mettre la visuelle au premier plan avec son apparence moderne, cette s\u00e9rie a fait ses preuves depuis longtemps dans les conditions climatiques les plus difficiles de nombreuses r\u00e9gions d&rsquo;Europe et a gagn\u00e9 la confiance du consommateur.<\/p>\n<p style=\"text-align: center;\"><strong>CATALOGUE DE COULEUR<\/strong><\/p>\n[foogallery id=\"129\"]\n<p>&nbsp;<\/p>\n<p><a href=\"https:\/\/www.penplast.com.tr\/fr\/magaza\/inoutic-arcade\/\">Continue Reading<span class=\"meta-nav\">&rarr;<\/span><\/a><\/p>\n","protected":false},"featured_media":137,"template":"","meta":[],"product_cat":[209,25],"product_tag":[],"class_list":["post-136","product","type-product","status-publish","has-post-thumbnail","hentry","product_cat-pimapen-sistem","product_cat-inoutic-ithal-pencere-sistemleri"],"translation":{"provider":"WPGlobus","version":"3.0.2","language":"fr","enabled_languages":["tr","en","fr"],"languages":{"tr":{"title":true,"content":true,"excerpt":true},"en":{"title":true,"content":true,"excerpt":true},"fr":{"title":true,"content":true,"excerpt":true}}},"_links":{"self":[{"href":"https:\/\/www.penplast.com.tr\/fr\/wp-json\/wp\/v2\/product\/136","targetHints":{"allow":["GET"]}}],"collection":[{"href":"https:\/\/www.penplast.com.tr\/fr\/wp-json\/wp\/v2\/product"}],"about":[{"href":"https:\/\/www.penplast.com.tr\/fr\/wp-json\/wp\/v2\/types\/product"}],"wp:featuredmedia":[{"embeddable":true,"href":"https:\/\/www.penplast.com.tr\/fr\/wp-json\/wp\/v2\/media\/137"}],"wp:attachment":[{"href":"https:\/\/www.penplast.com.tr\/fr\/wp-json\/wp\/v2\/media?parent=136"}],"wp:term":[{"taxonomy":"product_cat","embeddable":true,"href":"https:\/\/www.penplast.com.tr\/fr\/wp-json\/wp\/v2\/product_cat?post=136"},{"taxonomy":"product_tag","embeddable":true,"href":"https:\/\/www.penplast.com.tr\/fr\/wp-json\/wp\/v2\/product_tag?post=136"}],"curies":[{"name":"wp","href":"https:\/\/api.w.org\/{rel}","templated":true}]}}