{"id":134,"date":"2018-11-05T21:14:34","date_gmt":"2018-11-05T18:14:34","guid":{"rendered":"http:\/\/www.penplast.com.tr\/?post_type=product&#038;p=134"},"modified":"2021-04-11T17:41:11","modified_gmt":"2021-04-11T14:41:11","slug":"inoutic-prestige","status":"publish","type":"product","link":"https:\/\/www.penplast.com.tr\/fr\/magaza\/inoutic-prestige\/","title":{"rendered":"\u0130noutic Prestige"},"content":{"rendered":"<p>Largeur du profil\u00e9 : 76 mm<br \/>\nNombre de chambres : 5<br \/>\nClasse: Classe A \u2013 EN 12608<br \/>\njoint :TPE gris\/ noir<br \/>\nNombre de joint 2\/3 optionnel<br \/>\nLatte: Double ar\u00eate &#8211; joint TPE \/<br \/>\n\u00c9paisseur du verre 20,24,30,36,44<\/p>\n","protected":false},"excerpt":{"rendered":"<p>Inoutic, qui fait partie du groupe Deceuninck et produit en Allemagne. La plate-forme de produits Prestige propose une grande vari\u00e9t\u00e9 de produits qui peuvent facilement r\u00e9pondre aux valeurs d&rsquo;isolation statique et thermique dans des domaines diff\u00e9rents. Ce produit peut facilement r\u00e9soudre les d\u00e9tails architecturaux des b\u00e2timents modernes sans compromettre les valeurs techniques telles que l&rsquo;isolation thermique et phonique, la charge \u00e9olienne et a\u00e9rienne.<\/p>\n<p style=\"text-align: center;\"><strong>Catalogue de Couleur<\/strong><\/p>\n[foogallery id=\"129\"]\n<p>&nbsp;<\/p>\n<p><a href=\"https:\/\/www.penplast.com.tr\/fr\/magaza\/inoutic-prestige\/\">Continue Reading<span class=\"meta-nav\">&rarr;<\/span><\/a><\/p>\n","protected":false},"featured_media":135,"template":"","meta":[],"product_cat":[209,25],"product_tag":[],"class_list":["post-134","product","type-product","status-publish","has-post-thumbnail","hentry","product_cat-pimapen-sistem","product_cat-inoutic-ithal-pencere-sistemleri"],"translation":{"provider":"WPGlobus","version":"3.0.2","language":"fr","enabled_languages":["tr","en","fr"],"languages":{"tr":{"title":true,"content":true,"excerpt":true},"en":{"title":true,"content":true,"excerpt":true},"fr":{"title":true,"content":true,"excerpt":true}}},"_links":{"self":[{"href":"https:\/\/www.penplast.com.tr\/fr\/wp-json\/wp\/v2\/product\/134","targetHints":{"allow":["GET"]}}],"collection":[{"href":"https:\/\/www.penplast.com.tr\/fr\/wp-json\/wp\/v2\/product"}],"about":[{"href":"https:\/\/www.penplast.com.tr\/fr\/wp-json\/wp\/v2\/types\/product"}],"wp:featuredmedia":[{"embeddable":true,"href":"https:\/\/www.penplast.com.tr\/fr\/wp-json\/wp\/v2\/media\/135"}],"wp:attachment":[{"href":"https:\/\/www.penplast.com.tr\/fr\/wp-json\/wp\/v2\/media?parent=134"}],"wp:term":[{"taxonomy":"product_cat","embeddable":true,"href":"https:\/\/www.penplast.com.tr\/fr\/wp-json\/wp\/v2\/product_cat?post=134"},{"taxonomy":"product_tag","embeddable":true,"href":"https:\/\/www.penplast.com.tr\/fr\/wp-json\/wp\/v2\/product_tag?post=134"}],"curies":[{"name":"wp","href":"https:\/\/api.w.org\/{rel}","templated":true}]}}