{"id":132,"date":"2018-11-05T21:10:46","date_gmt":"2018-11-05T18:10:46","guid":{"rendered":"http:\/\/www.penplast.com.tr\/?post_type=product&#038;p=132"},"modified":"2021-04-13T15:29:00","modified_gmt":"2021-04-13T12:29:00","slug":"carisma","status":"publish","type":"product","link":"https:\/\/www.penplast.com.tr\/fr\/magaza\/carisma\/","title":{"rendered":"Carisma"},"content":{"rendered":"<p><span style=\"font-size: 12pt;\"><strong>Conception<\/strong><\/span><br \/>\nLes syst\u00e8mes de portes et fen\u00eatres Pimapen Carisma, gr\u00e2ce \u00e0 la hauteur optimis\u00e9e du profil\u00e9 de porte en augmentant la zone vitr\u00e9e rend vos espaces plus spacieux<\/p>\n<p>Gr\u00e2ce \u00e0 ses (rails) lattes de bord cannel\u00e9s et ovales sp\u00e9cialement con\u00e7us, la combinaison de vitre \u2013 profil\u00e9 sont plus esth\u00e9tiques et agr\u00e9ables.<\/p>\n<p>Un profil\u00e9 de cadre avec syst\u00e8me int\u00e9gr\u00e9 assure une int\u00e9grit\u00e9 visuelle de la surface int\u00e9rieure et des joints entre le mur et la menuiserie.<br \/>\nEn plus du profil\u00e9 de ch\u00e2ssis plat, un profil\u00e9 de ch\u00e2ssis avec \u00e9gouttoir est \u00e9galement disponible.<\/p>\n<p>Il s&rsquo;agit d&rsquo;une s\u00e9rie avec un profil\u00e9 de rail de jonction sp\u00e9cialement con\u00e7u offrant une r\u00e9sistance \u00e9lev\u00e9e \u00e0 la charge du vent dans les immeubles de grande hauteur.<\/p>\n<p>En plus de la couleur blanche de son corps des profil\u00e9s, il dispose 13 profil\u00e9s lamin\u00e9s de couleurs et de motifs diff\u00e9rents.<br \/>\n<span style=\"font-size: 12pt;\"><strong>Accessoire<\/strong><\/span><br \/>\nVous pouvez choisir diff\u00e9rentes couleurs de poign\u00e9es de fen\u00eatre et de porte pour correspondre au style architectural de votre maison.<\/p>\n<p>Vous pouvez contr\u00f4ler avec l\u2019harmonie les entr\u00e9es de la lumi\u00e8re par le biais de syst\u00e8me Pimastor .<\/p>\n<p>Peut convenir pour la mise en place de moustiquaire.<\/p>\n<p><span style=\"font-size: 12pt;\"><strong>Isolation<\/strong><\/span><br \/>\nLes syst\u00e8mes de portes et fen\u00eatres Pimapen Carisma offrent des performances \u00e9lev\u00e9es en mati\u00e8re d&rsquo;isolation thermique et phonique avec leurs profil\u00e9s \u00e0 5 chambres.<\/p>\n<p>Des joints qui ont une haute r\u00e9sistance aux UV, et aussi \u00e0 des variables telles que l&rsquo;humidit\u00e9 ou \u00e0 la temp\u00e9rature ambiante sont utilis\u00e9s.<\/p>\n<p>Gr\u00e2ce aux joints \u00e9lastiques antitaches gris et noir, il offre un haut niveau d&rsquo;isolation \u00e0 l&rsquo;air, \u00e0 l&rsquo;eau, au bruit et \u00e0 la poussi\u00e8re.<br \/>\n<span style=\"font-size: 12pt;\"><strong>SECUR\u0130TE<\/strong><\/span><br \/>\nIl fournit une haute s\u00e9curit\u00e9 dans des combinaisons de verre de s\u00e9curit\u00e9 allant jusqu&rsquo;\u00e0 39 mm.<br \/>\nGr\u00e2ce aux diff\u00e9rentes alternatives appliqu\u00e9es, la s\u00e9curit\u00e9 des syst\u00e8mes de portes et fen\u00eatres a augment\u00e9.<\/p>\n","protected":false},"excerpt":{"rendered":"<p>Pimapen Carisma Syst\u00e8me de fen\u00eatre Pvc et de porte Pvc est une s\u00e9rie con\u00e7ue pour des solutions techniques optimales dans les fen\u00eatres et les portes avec tous ses profil\u00e9s principaux de 70 mm de largeur et 5 chambres.<\/p>\n<p style=\"text-align: center;\"><strong>CATALOGUE DE COULEUR<\/strong><\/p>\n[foogallery id=\"87\"]\n<p style=\"text-align: center;\"><strong>CARACT\u00c9RISTIQUES DU PROFILE<\/strong><\/p>\n<p>Largeur du profil\u00e9: 70 mm<br \/>\nNombre de chambres: 5<br \/>\nClasse de profil\u00e9: Classe B (TS EN 12608-1)<br \/>\nSyst\u00e8me d&rsquo;\u00e9tanch\u00e9it\u00e9: syst\u00e8me int\u00e9rieur-ext\u00e9rieur \u00e0 2 joints<br \/>\nType \/ couleur de joint: TPE &#8211; Gris \/ Noir<br \/>\n\u00c9paisseur du verre (mm): 4, 20, 24, 26, 30, 36, 39<\/p>\n<p><a href=\"https:\/\/www.penplast.com.tr\/fr\/magaza\/carisma\/\">Continue Reading<span class=\"meta-nav\">&rarr;<\/span><\/a><\/p>\n","protected":false},"featured_media":103,"template":"","meta":[],"product_cat":[19],"product_tag":[],"class_list":["post-132","product","type-product","status-publish","has-post-thumbnail","hentry","product_cat-pencere-ve-kapi-sistemleri"],"translation":{"provider":"WPGlobus","version":"3.0.2","language":"fr","enabled_languages":["tr","en","fr"],"languages":{"tr":{"title":true,"content":true,"excerpt":true},"en":{"title":true,"content":true,"excerpt":true},"fr":{"title":true,"content":true,"excerpt":true}}},"_links":{"self":[{"href":"https:\/\/www.penplast.com.tr\/fr\/wp-json\/wp\/v2\/product\/132","targetHints":{"allow":["GET"]}}],"collection":[{"href":"https:\/\/www.penplast.com.tr\/fr\/wp-json\/wp\/v2\/product"}],"about":[{"href":"https:\/\/www.penplast.com.tr\/fr\/wp-json\/wp\/v2\/types\/product"}],"wp:featuredmedia":[{"embeddable":true,"href":"https:\/\/www.penplast.com.tr\/fr\/wp-json\/wp\/v2\/media\/103"}],"wp:attachment":[{"href":"https:\/\/www.penplast.com.tr\/fr\/wp-json\/wp\/v2\/media?parent=132"}],"wp:term":[{"taxonomy":"product_cat","embeddable":true,"href":"https:\/\/www.penplast.com.tr\/fr\/wp-json\/wp\/v2\/product_cat?post=132"},{"taxonomy":"product_tag","embeddable":true,"href":"https:\/\/www.penplast.com.tr\/fr\/wp-json\/wp\/v2\/product_tag?post=132"}],"curies":[{"name":"wp","href":"https:\/\/api.w.org\/{rel}","templated":true}]}}