{"id":125,"date":"2018-11-05T20:57:19","date_gmt":"2018-11-05T17:57:19","guid":{"rendered":"http:\/\/www.penplast.com.tr\/?post_type=product&#038;p=125"},"modified":"2023-01-28T15:16:02","modified_gmt":"2023-01-28T12:16:02","slug":"pimapen-donanim","status":"publish","type":"product","link":"https:\/\/www.penplast.com.tr\/fr\/magaza\/equipement-pimapen\/","title":{"rendered":"Equipement Pimapen"},"content":{"rendered":"<p><span style=\"font-size: 12pt;\"><strong>Caract\u00e9ristiques d&rsquo;\u00e9quipement pour portes et fen\u00eatres Pimapen;<\/strong><\/span><br \/>\nLes produits (tous espagnolettes et homologues de serrure) portent le logo PIMAPEN.<\/p>\n<p>es plaques d&rsquo;espagnolette sont rev\u00eatues de la couleur \u00ab\u00a0Titan\u00a0\u00bb exclusive \u00e0 la marque Pimapen.<br \/>\nIl n&rsquo;y a pas de distinction droite \/ gauche dans les produits.<br \/>\nLes espagnolettes de porte sont disponibles de la m\u00eame mani\u00e8re que nos produits actuels, avec des options sans barillet, avec ou sans languette et avec clou.<br \/>\nLa charni\u00e8re de l\u2019ouvrant \u00c7A peut supporter un poids d&rsquo;aile de 100 kg. Si n\u00e9cessaire, une application de charni\u00e8re qui peut supporter un poids d&rsquo;ouvrant de 130 kg est possible.<br \/>\nCouvercles de charni\u00e8re; Il a des vari\u00e9t\u00e9s de couleurs blanc (3), brun (443), brun fonc\u00e9 (258), argent (38), titan (70), bronze (39) et champagne (401).<br \/>\nLe syst\u00e8me \u00e0 double ouverture s\u00e9curis\u00e9 peut \u00eatre appliqu\u00e9 \u00e0 partir de 4 points avec les raccords PIMAPEN.<br \/>\nIl y a un pied de biche cach\u00e9 sur l&rsquo;Espagnolette de double ouvrant.<br \/>\nAvec l&rsquo;\u00e9quipement du syst\u00e8me coulissant Parall\u00e8le 130, deux diff\u00e9rents types d&rsquo;ouvrant peuvent \u00eatre appliqu\u00e9s, qui peuvent \u00eatre contr\u00f4l\u00e9s de mani\u00e8re semi-automatique et manuelle.<br \/>\nPour le syst\u00e8me Infinity (Hebeschiebe), il existe un groupe de mat\u00e9riel capable de supporter un poids d&rsquo;ouvrant de 300 kg.<\/p>\n","protected":false},"excerpt":{"rendered":"<p><span style=\"font-size: 12pt;\"><strong>Syst\u00e8mes de portes et fen\u00eatres<\/strong><\/span><br \/>\nIl a des d\u00e9tails fonctionnels, des conceptions uniques et des caract\u00e9ristiques qui peuvent \u00eatre appliqu\u00e9es \u00e0 n&rsquo;importe quelle fen\u00eatre. \u0131l vous facilite la vie. Ajoutez de l&rsquo;esth\u00e9tique et de la qualit\u00e9 \u00e0 vos espaces de vie avec les syst\u00e8mes de Pimapen.<\/p>\n<p>Les \u00e9quipements sont l&rsquo;un des composants les plus importants de la fen\u00eatre.<\/p>\n<p>Disponible dans nos points de vente avec les conditions de qualit\u00e9 et de service Pimapen.<\/p>\n<p>Il est conforme aux normes TSE et EN, s&rsquo;adapte \u00e0 tous vos projets.<br \/>\nIl vous facilite la vie avec ses diff\u00e9rentes fonctionnalit\u00e9s d&rsquo;ouverture. il ne compromet pas les performances des portes et fen\u00eatres pendant de nombreuses ann\u00e9es.<br \/>\nDiff\u00e9rentes options de couleurs pour les groupes de poign\u00e9es de portes et de fen\u00eatres offrent des solutions id\u00e9ales pour vos attentes architecturales et d\u00e9coratives.<\/p>\n<p><a href=\"https:\/\/www.penplast.com.tr\/fr\/magaza\/equipement-pimapen\/\">Continue Reading<span class=\"meta-nav\">&rarr;<\/span><\/a><\/p>\n","protected":false},"featured_media":126,"template":"","meta":[],"product_cat":[209,24,36],"product_tag":[],"class_list":["post-125","product","type-product","status-publish","has-post-thumbnail","hentry","product_cat-pimapen-sistem","product_cat-pimapen-aksesuarlar","product_cat-aksesuarlar"],"translation":{"provider":"WPGlobus","version":"3.0.2","language":"fr","enabled_languages":["tr","en","fr"],"languages":{"tr":{"title":true,"content":true,"excerpt":true},"en":{"title":true,"content":true,"excerpt":true},"fr":{"title":true,"content":true,"excerpt":true}}},"_links":{"self":[{"href":"https:\/\/www.penplast.com.tr\/fr\/wp-json\/wp\/v2\/product\/125","targetHints":{"allow":["GET"]}}],"collection":[{"href":"https:\/\/www.penplast.com.tr\/fr\/wp-json\/wp\/v2\/product"}],"about":[{"href":"https:\/\/www.penplast.com.tr\/fr\/wp-json\/wp\/v2\/types\/product"}],"wp:featuredmedia":[{"embeddable":true,"href":"https:\/\/www.penplast.com.tr\/fr\/wp-json\/wp\/v2\/media\/126"}],"wp:attachment":[{"href":"https:\/\/www.penplast.com.tr\/fr\/wp-json\/wp\/v2\/media?parent=125"}],"wp:term":[{"taxonomy":"product_cat","embeddable":true,"href":"https:\/\/www.penplast.com.tr\/fr\/wp-json\/wp\/v2\/product_cat?post=125"},{"taxonomy":"product_tag","embeddable":true,"href":"https:\/\/www.penplast.com.tr\/fr\/wp-json\/wp\/v2\/product_tag?post=125"}],"curies":[{"name":"wp","href":"https:\/\/api.w.org\/{rel}","templated":true}]}}