{"id":121,"date":"2018-11-05T20:49:55","date_gmt":"2018-11-05T17:49:55","guid":{"rendered":"http:\/\/www.penplast.com.tr\/?post_type=product&#038;p=121"},"modified":"2023-01-28T15:17:17","modified_gmt":"2023-01-28T12:17:17","slug":"pimapen-sineklik-sistemi","status":"publish","type":"product","link":"https:\/\/www.penplast.com.tr\/fr\/magaza\/systeme-de-moustiquaire-pimapen\/","title":{"rendered":"Syst\u00e8me de moustiquaire Pimapen"},"content":{"rendered":"","protected":false},"excerpt":{"rendered":"<p><strong>Moustiquaire Pimapen<\/strong><br \/>\nSyst\u00e8mes de moustiquaires Pimapen; C&rsquo;est la m\u00e9thode la plus efficace et sans poison pour combattre les mouches domestiques et les moustiques qui causent aujourd&rsquo;hui de nombreuses maladies.<\/p>\n<p style=\"text-align: center;\"><strong>Caract\u00e9ristiques<\/strong><\/p>\n<p>Syst\u00e8mes de moustiquaires Pimapen; C&rsquo;est la m\u00e9thode la plus efficace et sans poison pour combattre les mouches domestiques et les moustiques qui causent aujourd&rsquo;hui de nombreuses maladies. Il est produit pour la protection. Compte tenu du confort de l&rsquo;utilisateur, ces produits peuvent \u00eatre appliqu\u00e9s aux syst\u00e8mes de fen\u00eatres, de portes et de balcons en verre qui ont une fonction d&rsquo;ouverture et de fermeture. Il peut \u00eatre facilement install\u00e9 sur les fen\u00eatres, portes et syst\u00e8mes coulissants en PVC de couleurs diff\u00e9rentes.<\/p>\n<p><strong>Nous avons deux types de syst\u00e8mes de moustiquaires.<\/strong><\/p>\n<ul>\n<li style=\"text-align: left;\">Syst\u00e8me de moustiquaire coulissante<\/li>\n<li style=\"text-align: left;\">Syst\u00e8me de moustiquaire \u00e0 ouverture vers l&rsquo;int\u00e9rieur<\/li>\n<\/ul>\n<p>Le syst\u00e8me de moustiquaire peut \u00eatre facilement appliqu\u00e9 sur les fen\u00eatres et les portes gr\u00e2ce \u00e0 sa structure compacte et son aspect esth\u00e9tique.<\/p>\n<p>En plus de la facilit\u00e9 d&rsquo;utilisation du syst\u00e8me de moustiquaire, il peut \u00eatre retir\u00e9 et nettoy\u00e9 facilement.<\/p>\n<ul>\n<li style=\"text-align: left;\">100% protection contre les insectes.<\/li>\n<li style=\"text-align: left;\">solide \/ Tissu transparent<\/li>\n<li style=\"text-align: left;\">il ne cr\u00e9e pas d\u2019obstacle \u00e0 la vue.<\/li>\n<\/ul>\n<p><a href=\"https:\/\/www.penplast.com.tr\/fr\/magaza\/systeme-de-moustiquaire-pimapen\/\">Continue Reading<span class=\"meta-nav\">&rarr;<\/span><\/a><\/p>\n","protected":false},"featured_media":123,"template":"","meta":[],"product_cat":[209,23,35],"product_tag":[],"class_list":["post-121","product","type-product","status-publish","has-post-thumbnail","hentry","product_cat-pimapen-sistem","product_cat-pimapen-sineklik-sistemi","product_cat-sineklik-sistemleri"],"translation":{"provider":"WPGlobus","version":"3.0.2","language":"fr","enabled_languages":["tr","en","fr"],"languages":{"tr":{"title":true,"content":false,"excerpt":true},"en":{"title":true,"content":false,"excerpt":true},"fr":{"title":true,"content":false,"excerpt":true}}},"_links":{"self":[{"href":"https:\/\/www.penplast.com.tr\/fr\/wp-json\/wp\/v2\/product\/121","targetHints":{"allow":["GET"]}}],"collection":[{"href":"https:\/\/www.penplast.com.tr\/fr\/wp-json\/wp\/v2\/product"}],"about":[{"href":"https:\/\/www.penplast.com.tr\/fr\/wp-json\/wp\/v2\/types\/product"}],"wp:featuredmedia":[{"embeddable":true,"href":"https:\/\/www.penplast.com.tr\/fr\/wp-json\/wp\/v2\/media\/123"}],"wp:attachment":[{"href":"https:\/\/www.penplast.com.tr\/fr\/wp-json\/wp\/v2\/media?parent=121"}],"wp:term":[{"taxonomy":"product_cat","embeddable":true,"href":"https:\/\/www.penplast.com.tr\/fr\/wp-json\/wp\/v2\/product_cat?post=121"},{"taxonomy":"product_tag","embeddable":true,"href":"https:\/\/www.penplast.com.tr\/fr\/wp-json\/wp\/v2\/product_tag?post=121"}],"curies":[{"name":"wp","href":"https:\/\/api.w.org\/{rel}","templated":true}]}}