{"id":119,"date":"2018-11-05T20:46:04","date_gmt":"2018-11-05T17:46:04","guid":{"rendered":"http:\/\/www.penplast.com.tr\/?post_type=product&#038;p=119"},"modified":"2023-01-28T15:18:41","modified_gmt":"2023-01-28T12:18:41","slug":"pimablock-kepenk","status":"publish","type":"product","link":"https:\/\/www.penplast.com.tr\/fr\/magaza\/systeme-de-volet-en-pvc-pimablock\/","title":{"rendered":"Syst\u00e8me de volet en PVC Pimablock"},"content":{"rendered":"","protected":false},"excerpt":{"rendered":"<p><span style=\"font-size: 12pt;\"><strong>Volet en PVC Pimablock<\/strong><\/span><br \/>\nSyst\u00e8me de volet en PVC Pimablock, les applications de ch\u00e2ssis simple, deux ch\u00e2ssis ouvrant \u00e0 droite et \u00e0 gauche ou quatre ch\u00e2ssis ouvrants pliables, offrent des avantages aux utilisateurs.<\/p>\n<p style=\"text-align: center;\"><strong>FONCTIONNALIT\u00c9S<\/strong><\/p>\n<p>Le syst\u00e8me de volet Pimablock est con\u00e7u pour s&rsquo;adapter aux portes et fen\u00eatres de tous les structures.<br \/>\nIl peut \u00eatre facilement mont\u00e9 sur le profil\u00e9 de cadre de la fen\u00eatre existante, le profil\u00e9 de cadre de volet ou sur le mur.<\/p>\n<p>Syst\u00e8me de volet en PVC Pimablock, les applications de ch\u00e2ssis simple, deux ch\u00e2ssis ouvrant \u00e0 droite et \u00e0 gauche ou quatre ch\u00e2ssis ouvrants pliables, offrent des avantages aux utilisateurs.<br \/>\nEn plus de l&rsquo;application de lamelles sur les ouvrants de volet, un profil\u00e9 de panneau sp\u00e9cifique au syst\u00e8me peut \u00e9galement \u00eatre utilis\u00e9.<\/p>\n<p>Syst\u00e8me de volet en PVC Pimablock, Selon les conditions du lieu respectif, il est possible de r\u00e9aliser des volets cintr\u00e9s.<\/p>\n<p>En raison des ciseaux sp\u00e9ciaux appliqu\u00e9s en option, il est possible de r\u00e9aliser des applications d&rsquo;ouvrant dans des applications d&rsquo;ouvrant permettant l&rsquo;ouverture du c\u00f4t\u00e9 inf\u00e9rieur du c\u00f4t\u00e9 int\u00e9rieur vers l&rsquo;ext\u00e9rieur.<br \/>\nR\u00e9siste \u00e0 la lumi\u00e8re, ne n\u00e9cessite aucun entretien.<\/p>\n<p>Il r\u00e9siste \u00e0 toutes sortes de facteurs externes.<\/p>\n<p><a href=\"https:\/\/www.penplast.com.tr\/fr\/magaza\/systeme-de-volet-en-pvc-pimablock\/\">Continue Reading<span class=\"meta-nav\">&rarr;<\/span><\/a><\/p>\n","protected":false},"featured_media":120,"template":"","meta":[],"product_cat":[209,22],"product_tag":[],"class_list":["post-119","product","type-product","status-publish","has-post-thumbnail","hentry","product_cat-pimapen-sistem","product_cat-pimablock-kepenk"],"translation":{"provider":"WPGlobus","version":"3.0.2","language":"fr","enabled_languages":["tr","en","fr"],"languages":{"tr":{"title":true,"content":false,"excerpt":true},"en":{"title":true,"content":true,"excerpt":true},"fr":{"title":true,"content":false,"excerpt":true}}},"_links":{"self":[{"href":"https:\/\/www.penplast.com.tr\/fr\/wp-json\/wp\/v2\/product\/119","targetHints":{"allow":["GET"]}}],"collection":[{"href":"https:\/\/www.penplast.com.tr\/fr\/wp-json\/wp\/v2\/product"}],"about":[{"href":"https:\/\/www.penplast.com.tr\/fr\/wp-json\/wp\/v2\/types\/product"}],"wp:featuredmedia":[{"embeddable":true,"href":"https:\/\/www.penplast.com.tr\/fr\/wp-json\/wp\/v2\/media\/120"}],"wp:attachment":[{"href":"https:\/\/www.penplast.com.tr\/fr\/wp-json\/wp\/v2\/media?parent=119"}],"wp:term":[{"taxonomy":"product_cat","embeddable":true,"href":"https:\/\/www.penplast.com.tr\/fr\/wp-json\/wp\/v2\/product_cat?post=119"},{"taxonomy":"product_tag","embeddable":true,"href":"https:\/\/www.penplast.com.tr\/fr\/wp-json\/wp\/v2\/product_tag?post=119"}],"curies":[{"name":"wp","href":"https:\/\/api.w.org\/{rel}","templated":true}]}}