{"id":116,"date":"2018-11-05T20:40:08","date_gmt":"2018-11-05T17:40:08","guid":{"rendered":"http:\/\/www.penplast.com.tr\/?post_type=product&#038;p=116"},"modified":"2023-01-28T15:19:49","modified_gmt":"2023-01-28T12:19:49","slug":"pimastor-panjur-sistemi","status":"publish","type":"product","link":"https:\/\/www.penplast.com.tr\/fr\/magaza\/systeme-de-volet-pimastor\/","title":{"rendered":"Syst\u00e8me de volet Pimastor"},"content":{"rendered":"<p><span style=\"font-size: 12pt;\"><strong>Conception<\/strong><\/span><br \/>\nLes applications coulissantes, stores et moustiquaires avec l\u2019ouverture vers l\u2019int\u00e9rieur peuvent \u00eatre appliqu\u00e9es aux syst\u00e8mes de volet Pimastor.<br \/>\nIl dispose de 13 options de couleurs lamin\u00e9es diff\u00e9rentes et est en harmonie avec votre fen\u00eatre.<br \/>\nLes syst\u00e8mes de volet Pimastor peuvent \u00eatre adapt\u00e9s \u00e0 toutes les s\u00e9ries. Poss\u00e8de des options d&rsquo;utilisation manuelle et motoris\u00e9e.<\/p>\n","protected":false},"excerpt":{"rendered":"<p>Il s&rsquo;applique facilement \u00e0 tous les types de structures et est le compl\u00e9ment parfait \u00e0 votre maison. Avec les syst\u00e8mes de volet Pimastor, les conditions m\u00e9t\u00e9orologiques d\u00e9favorables restent \u00e0 l&rsquo;ext\u00e9rieur et le bonheur dans votre maison restent \u00e0 l&rsquo;int\u00e9rieur..<\/p>\n<p style=\"text-align: center;\"><strong>catalogue de couleur<\/strong><\/p>\n[foogallery id=\"87\"]\n<p style=\"text-align: center;\"><strong>caract\u00e9ristique du profil<\/strong><\/p>\n<p>Type de boite : Monoblok<br \/>\nVari\u00e9t\u00e9 de boite : 165\u00d7165 \/ 200\u00d7200<br \/>\n: 165\u00d7200 \/ isol\u00e9<br \/>\n: 200\u00d7235 \/ isol\u00e9<br \/>\nType de Lamelle : PVC (37mm; 55mm) \/ ALM<br \/>\nApplications facultatives: Moustiquaire en store.<\/p>\n<p><a href=\"https:\/\/www.penplast.com.tr\/fr\/magaza\/systeme-de-volet-pimastor\/\">Continue Reading<span class=\"meta-nav\">&rarr;<\/span><\/a><\/p>\n","protected":false},"featured_media":117,"template":"","meta":[],"product_cat":[209,21],"product_tag":[],"class_list":["post-116","product","type-product","status-publish","has-post-thumbnail","hentry","product_cat-pimapen-sistem","product_cat-pimastor-panjur-sistemi"],"translation":{"provider":"WPGlobus","version":"3.0.2","language":"fr","enabled_languages":["tr","en","fr"],"languages":{"tr":{"title":true,"content":true,"excerpt":true},"en":{"title":true,"content":true,"excerpt":true},"fr":{"title":true,"content":true,"excerpt":true}}},"_links":{"self":[{"href":"https:\/\/www.penplast.com.tr\/fr\/wp-json\/wp\/v2\/product\/116","targetHints":{"allow":["GET"]}}],"collection":[{"href":"https:\/\/www.penplast.com.tr\/fr\/wp-json\/wp\/v2\/product"}],"about":[{"href":"https:\/\/www.penplast.com.tr\/fr\/wp-json\/wp\/v2\/types\/product"}],"wp:featuredmedia":[{"embeddable":true,"href":"https:\/\/www.penplast.com.tr\/fr\/wp-json\/wp\/v2\/media\/117"}],"wp:attachment":[{"href":"https:\/\/www.penplast.com.tr\/fr\/wp-json\/wp\/v2\/media?parent=116"}],"wp:term":[{"taxonomy":"product_cat","embeddable":true,"href":"https:\/\/www.penplast.com.tr\/fr\/wp-json\/wp\/v2\/product_cat?post=116"},{"taxonomy":"product_tag","embeddable":true,"href":"https:\/\/www.penplast.com.tr\/fr\/wp-json\/wp\/v2\/product_tag?post=116"}],"curies":[{"name":"wp","href":"https:\/\/api.w.org\/{rel}","templated":true}]}}