{"id":113,"date":"2018-11-05T20:35:43","date_gmt":"2018-11-05T17:35:43","guid":{"rendered":"http:\/\/www.penplast.com.tr\/?post_type=product&#038;p=113"},"modified":"2023-01-28T15:23:03","modified_gmt":"2023-01-28T12:23:03","slug":"albatros-surme-sistemi","status":"publish","type":"product","link":"https:\/\/www.penplast.com.tr\/fr\/magaza\/systeme-coulissant-albatros\/","title":{"rendered":"Syst\u00e8me coulissant Albatros"},"content":{"rendered":"<p><span style=\"font-size: 12pt;\"><strong>Conception<\/strong><\/span><br \/>\nLa s\u00e9rie coulissante Pimapen Albatros ne poss\u00e8de pas de profil vertical lorsque les ch\u00e2ssis sont ouverts dans les applications avec des bords \u00e0 90 \u00b0 en raison de sa conception sp\u00e9ciale profils mobiles de joint de bord et, ainsi il offre une visibilit\u00e9 plus spacieuse.<\/p>\n<p>Un profil\u00e9 de cadre avec syst\u00e8me int\u00e9gr\u00e9 assure une esth\u00e9tique visuelle de la surface int\u00e9rieure et des joints entre le mur et la menuiserie.<\/p>\n<p>En raison des profil\u00e9s de cadre utilis\u00e9s comme rails de jonction, il est possible de former des compartiments fixes en dessous ou au-dessus de la partie coulissante.<\/p>\n<p>Gr\u00e2ce au profil\u00e9 de cadre int\u00e9grant la moustiquaire, la moustiquaire coulissante peut \u00eatre fabriqu\u00e9e sans utiliser de rails suppl\u00e9mentaires.<\/p>\n<p>En plus de la couleur blanche de son corps des profil\u00e9s, il dispose 13 profils lamin\u00e9s de couleurs et de motifs diff\u00e9rents.<\/p>\n<p>Gr\u00e2ce \u00e0 (ses rails) lattes de bord cannel\u00e9s et ovales sp\u00e9cialement con\u00e7us, La combinaison de vitre \u2013 profil\u00e9e sont plus esth\u00e9tiques et agr\u00e9ables.<br \/>\n<span style=\"font-size: 12pt;\"><strong>Accessoire<\/strong><\/span><\/p>\n<p>Vous pouvez choisir diff\u00e9rentes couleurs de poign\u00e9es de fen\u00eatre et de porte pour correspondre au style architectural de votre maison.<\/p>\n<p>Vous pouvez contr\u00f4ler avec l\u2019harmonie les entr\u00e9es de la lumi\u00e8re par le biais de syst\u00e8me Pimastor.<\/p>\n<p>Peut convenir pour la mise en place de moustiquaire.<\/p>\n<p><span style=\"font-size: 12pt;\"><strong>Isolation<\/strong><\/span><br \/>\nAvec la s\u00e9rie coulissante Pimapen Albatros Il est possible de r\u00e9pondre \u00e0 toutes sortes d\u2019exigences gr\u00e2ce aux 6 types de profil\u00e9s de cadre contenus dans le syst\u00e8me.<\/p>\n<p>Il est possible de r\u00e9aliser des applications de portes et fen\u00eatres coulissantes avec deux, trois, quatre, cinq, six vantaux.<\/p>\n<p>\u00c9tant donn\u00e9 que dans les cloisons fixes ouvrant mobile s\u2019ouvre vers l\u2019int\u00e9rieur, son utilisation est ergonomique et securis\u00e9.<\/p>\n<p>Les moustiquaires mont\u00e9es de l\u2019ext\u00e9rieur fonctionnent ainsi plus efficacement.<\/p>\n<p>Gr\u00e2ce \u00e0 des conceptions des profil\u00e9s d\u2019\u00e9tanch\u00e9ifiant par l\u2019interm\u00e9diaire, des \u00e9l\u00e9ments d\u2019\u00e9tanch\u00e9it\u00e9 et des joints \u00e0 brosse con\u00e7u pour, cela rel\u00e8ve un niveau d\u2019imperm\u00e9abilit\u00e9 du plus haut niveau.<\/p>\n<p>Des joints qui ont une haute r\u00e9sistance aux UV, et aussi \u00e0 des variables telles que l\u2019humidit\u00e9 ou \u00e0 la temp\u00e9rature ambiante sont utilis\u00e9s.<\/p>\n<p><span style=\"font-size: 12pt;\"><strong>S\u00e9curit\u00e9<\/strong><\/span><\/p>\n<p>Il existe des rails qui permettent l\u2019utilisation de vitrages simples, de doubles vitrages ou de panneaux d\u2019une largeur de 4-20-24 mm, r\u00e9sistant aux chocs gr\u00e2ce \u00e0 son application en verre tremp\u00e9.<\/p>\n","protected":false},"excerpt":{"rendered":"<p>La s\u00e9rie coulissante Pimapen Albatros peut \u00eatre appliqu\u00e9e aux grands espaces pour fen\u00eatres et portes sous la forme de combinaisons de deux, trois et quatre unit\u00e9s et, il n&rsquo;y a pas de profil vertical lorsque les ch\u00e2ssis sont ouverts dans les applications avec des bords \u00e0 90 \u00b0 en raison de sa conception sp\u00e9ciale profils mobiles de joint de bord et, ainsi il offre une visibilit\u00e9 plus spacieuse.<\/p>\n<p style=\"text-align: center;\"><strong>CATALOGUE COULEUR<\/strong><\/p>\n[foogallery id=\"87\"]\n<p style=\"text-align: center;\"><strong>CARACT\u00c9RISTIQUES DU PROFILE<\/strong><\/p>\n<p>Applications du dormant : Deux rails \/ trois rails \/ comportements fixes \/ ch\u00e2ssis avec moustiquaire \/ ch\u00e2ssis avec caisson<br \/>\nNorme de profil\u00e9: Classe B (TS EN 12608-1)<br \/>\nSyst\u00e8me d&rsquo;\u00e9tanch\u00e9it\u00e9: joint\u00a0a brosse \/ TPE<br \/>\nType \/ couleur de joint: TPE &#8211; Gris \/ Noir<br \/>\n\u00c9paisseur du verre (mm): 4, 20, 24<\/p>\n<p><a href=\"https:\/\/www.penplast.com.tr\/fr\/magaza\/systeme-coulissant-albatros\/\">Continue Reading<span class=\"meta-nav\">&rarr;<\/span><\/a><\/p>\n","protected":false},"featured_media":114,"template":"","meta":[],"product_cat":[209,20],"product_tag":[],"class_list":["post-113","product","type-product","status-publish","has-post-thumbnail","hentry","product_cat-pimapen-sistem","product_cat-pencere-ve-kapi-surme-sistemleri"],"translation":{"provider":"WPGlobus","version":"3.0.2","language":"fr","enabled_languages":["tr","en","fr"],"languages":{"tr":{"title":true,"content":true,"excerpt":true},"en":{"title":true,"content":true,"excerpt":true},"fr":{"title":true,"content":true,"excerpt":true}}},"_links":{"self":[{"href":"https:\/\/www.penplast.com.tr\/fr\/wp-json\/wp\/v2\/product\/113","targetHints":{"allow":["GET"]}}],"collection":[{"href":"https:\/\/www.penplast.com.tr\/fr\/wp-json\/wp\/v2\/product"}],"about":[{"href":"https:\/\/www.penplast.com.tr\/fr\/wp-json\/wp\/v2\/types\/product"}],"wp:featuredmedia":[{"embeddable":true,"href":"https:\/\/www.penplast.com.tr\/fr\/wp-json\/wp\/v2\/media\/114"}],"wp:attachment":[{"href":"https:\/\/www.penplast.com.tr\/fr\/wp-json\/wp\/v2\/media?parent=113"}],"wp:term":[{"taxonomy":"product_cat","embeddable":true,"href":"https:\/\/www.penplast.com.tr\/fr\/wp-json\/wp\/v2\/product_cat?post=113"},{"taxonomy":"product_tag","embeddable":true,"href":"https:\/\/www.penplast.com.tr\/fr\/wp-json\/wp\/v2\/product_tag?post=113"}],"curies":[{"name":"wp","href":"https:\/\/api.w.org\/{rel}","templated":true}]}}