{"id":111,"date":"2018-11-05T20:32:05","date_gmt":"2018-11-05T17:32:05","guid":{"rendered":"http:\/\/www.penplast.com.tr\/?post_type=product&#038;p=111"},"modified":"2023-01-28T15:25:28","modified_gmt":"2023-01-28T12:25:28","slug":"infinity-hbsb-surme-sistemi","status":"publish","type":"product","link":"https:\/\/www.penplast.com.tr\/fr\/magaza\/pimapen-infinity-levable-coulissant\/","title":{"rendered":"Pimapen Infinity levable coulissant"},"content":{"rendered":"<p><span style=\"font-size: 12pt;\"><strong>Conception<\/strong><\/span><br \/>\nLe syst\u00e8me coulissant Pimapen Infinity-HBSB permettent de r\u00e9aliser des ch\u00e2ssis de 3 m\u00e8tres de largeur et 300 kg de poids.<br \/>\nAinsi, il permet de larges d\u00e9gagements vitr\u00e9s cr\u00e9ant des espaces plus spacieux.<br \/>\nAvec le syst\u00e8me coulissant Pimapen Infinity-HBSB, Il est possible de faire des applications avec 2, 3 et 4 ch\u00e2ssis\/ vantaux.<br \/>\nEn plus de la couleur blanche de son corps des profil\u00e9s, il dispose 13 profils lamin\u00e9s de couleurs et de motifs diff\u00e9rents.<br \/>\nGr\u00e2ce \u00e0 ses rails\/ lattes de bord cannel\u00e9s et ovales sp\u00e9cialement con\u00e7us, la combinaison de vitre \u2013 profil\u00e9 sont plus esth\u00e9tiques et agr\u00e9ables.<\/p>\n<p><span style=\"font-size: 12pt;\"><strong>Accessoire<\/strong><\/span><br \/>\nVous pouvez choisir diff\u00e9rentes couleurs de poign\u00e9es de fen\u00eatre et de porte pour correspondre au style architectural de votre maison.<br \/>\nvous pouvez contr\u00f4ler avec l\u2019harmonie les entr\u00e9es de la lumi\u00e8re par le biais de syst\u00e8me Pimastor .<\/p>\n<p>Peut convenir pour la mise en place de moustiquaire.<br \/>\n<span style=\"font-size: 12pt;\"><strong>Isolat\u0131on<\/strong><\/span><br \/>\nLe cadre du syst\u00e8me coulissant Pimapen Infinity-HBSB mesure 175 mm de large et dispose de 8 chambres.<\/p>\n<p>Le profil\u00e9 d&rsquo;ouvrant a une largeur de 76 mm et a 4 cellules.<br \/>\nIl existe des options pour les cadres de base en PVC et en aluminium.<br \/>\nDans les cas o\u00f9 un seuil bas est souhait\u00e9, il est possible d&rsquo;utiliser des sous-ch\u00e2ssis en aluminium avec des barri\u00e8res d&rsquo;isolation thermique.<br \/>\nGr\u00e2ce \u00e0 des joints sp\u00e9cialement con\u00e7us, des composants d&rsquo;\u00e9tanch\u00e9it\u00e9 et le principe de fonctionnement du syst\u00e8me, il offre un haut niveau d&rsquo;isolation thermique, air, eau et poussi\u00e8re.<\/p>\n<p>Des joints qui ont une haute r\u00e9sistance aux UV, et aussi \u00e0 des variables telles que l&rsquo;humidit\u00e9 ou a la temp\u00e9rature ambiante sont utilis\u00e9s.<br \/>\nSa r\u00e9sistance aux charges de vent est \u00e9lev\u00e9e gr\u00e2ce \u00e0 la grande cellule de support sur le profil\u00e9 de l&rsquo;ouvrant.<\/p>\n<p><span style=\"font-size: 12pt;\"><strong>S\u00e9curit\u00e9<\/strong><\/span><br \/>\nIl existe des rails permettant l&rsquo;utilisation de verre simple, double verre, triple verre et panneaux de 4 mm \u00e0 39 mm de largeur.<br \/>\nL&rsquo;application de verre s\u00e9curis\u00e9 qui doit \u00eatre utilis\u00e9e dans les projets offre une r\u00e9sistance \u00e9lev\u00e9e aux chocs.<\/p>\n","protected":false},"excerpt":{"rendered":"<p><b>CONFORT SANS FIN, ESTH\u00c9TIQUE SANS FIN<\/b><br \/>\nPimapen Infinity levable coulissant offre aux utilisateurs une solution id\u00e9ale combinant la facilit\u00e9 d&rsquo;utilisation, le confort, la s\u00e9curit\u00e9 et l&rsquo;isolation pour les espaces larges et hauts sans compromettre l&rsquo;isolation et la vue.<\/p>\n<p style=\"text-align: center;\"><strong>CATALOGUE de COULEUR<\/strong><\/p>\n[foogallery id=\"87\"]\n<p style=\"text-align: center;\"><strong>CARACT\u00c9RISTIQUES DU PROFILE<\/strong><\/p>\n<p>Largeur du profil\u00e9 (cadre\/ dormant) : 175mm<br \/>\nLargeur du profil\u00e9 (ouvrant) 76mm<br \/>\nApplications du ch\u00e2ssis de base PVC\/ ALU<br \/>\nNorme de profil A Class (TS EN 12608-1)<br \/>\nType \/ couleur de joint TPE\/EPDM gris\/ noir<br \/>\n\u00c9paisseur du verre (mm):4,12,20,24,26,30,36,39<\/p>\n<p><a href=\"https:\/\/www.penplast.com.tr\/fr\/magaza\/pimapen-infinity-levable-coulissant\/\">Continue Reading<span class=\"meta-nav\">&rarr;<\/span><\/a><\/p>\n","protected":false},"featured_media":112,"template":"","meta":[],"product_cat":[209,20],"product_tag":[],"class_list":["post-111","product","type-product","status-publish","has-post-thumbnail","hentry","product_cat-pimapen-sistem","product_cat-pencere-ve-kapi-surme-sistemleri"],"translation":{"provider":"WPGlobus","version":"3.0.2","language":"fr","enabled_languages":["tr","en","fr"],"languages":{"tr":{"title":true,"content":true,"excerpt":true},"en":{"title":true,"content":true,"excerpt":true},"fr":{"title":true,"content":true,"excerpt":true}}},"_links":{"self":[{"href":"https:\/\/www.penplast.com.tr\/fr\/wp-json\/wp\/v2\/product\/111","targetHints":{"allow":["GET"]}}],"collection":[{"href":"https:\/\/www.penplast.com.tr\/fr\/wp-json\/wp\/v2\/product"}],"about":[{"href":"https:\/\/www.penplast.com.tr\/fr\/wp-json\/wp\/v2\/types\/product"}],"wp:featuredmedia":[{"embeddable":true,"href":"https:\/\/www.penplast.com.tr\/fr\/wp-json\/wp\/v2\/media\/112"}],"wp:attachment":[{"href":"https:\/\/www.penplast.com.tr\/fr\/wp-json\/wp\/v2\/media?parent=111"}],"wp:term":[{"taxonomy":"product_cat","embeddable":true,"href":"https:\/\/www.penplast.com.tr\/fr\/wp-json\/wp\/v2\/product_cat?post=111"},{"taxonomy":"product_tag","embeddable":true,"href":"https:\/\/www.penplast.com.tr\/fr\/wp-json\/wp\/v2\/product_tag?post=111"}],"curies":[{"name":"wp","href":"https:\/\/api.w.org\/{rel}","templated":true}]}}