{"id":106,"date":"2018-11-05T20:23:02","date_gmt":"2018-11-05T17:23:02","guid":{"rendered":"http:\/\/www.penplast.com.tr\/?post_type=product&#038;p=106"},"modified":"2023-01-28T15:26:32","modified_gmt":"2023-01-28T12:26:32","slug":"dynamic-surme-sistemi","status":"publish","type":"product","link":"https:\/\/www.penplast.com.tr\/fr\/magaza\/systeme-coulissant-pimapen-dynamic\/","title":{"rendered":"Syst\u00e8me coulissant Pimapen Dynamic"},"content":{"rendered":"<p><span style=\"font-size: 12pt;\"><strong>Conception<\/strong><\/span><br \/>\nEn plus de la couleur blanche de son corps des profil\u00e9s, il dispose 13 profil\u00e9s lamin\u00e9s de couleurs et de motifs diff\u00e9rents.<br \/>\nGr\u00e2ce aux lattes de conception sp\u00e9ciale, les combinaisons de verre profil\u00e9 conf\u00e8rent au produit un aspect esth\u00e9tique.<br \/>\nLe syst\u00e8me de portes et fen\u00eatres coulissantes dynamiques(dynamic) est plus avantageux par rapport aux autres syst\u00e8mes gr\u00e2ce \u00e0 sa facilit\u00e9 d&rsquo;utilisation et ses faibles co\u00fbts d&rsquo;entretien.<br \/>\n<span style=\"font-size: 12pt;\"><strong>Accessoires<\/strong><\/span><br \/>\nVous pouvez choisir diff\u00e9rentes couleurs de poign\u00e9es de fen\u00eatre et de porte pour correspondre au style architectural de votre maison.<br \/>\nVous pouvez contr\u00f4ler avec l\u2019harmonie les entre de la lumi\u00e8re par le biais de syst\u00e8me Pimastor .<br \/>\nPeut convenir pour la mise en place de moustiquaire.<\/p>\n","protected":false},"excerpt":{"rendered":"<p>Syst\u00e8me coulissant Pimapen Dynamic a \u00e9t\u00e9 d\u00e9velopp\u00e9 simultan\u00e9ment avec l&rsquo;Europe. Red\u00e9couvrez le confort de votre maison d\u00e8s le d\u00e9but gr\u00e2ce \u00e0 la facilit\u00e9 d&rsquo;utilisation et aux caract\u00e9ristiques d&rsquo;isolation sup\u00e9rieures du syst\u00e8me..<\/p>\n<p style=\"text-align: center;\"><strong>catalogue de couleur<\/strong><\/p>\n[foogallery id=\"87\"]\n<p style=\"text-align: center;\"><strong>CARACT\u00c9RISTIQUES DU PROFILE<\/strong><\/p>\n<p>Largeur du profil\u00e9 : 149 mm<br \/>\nNombre de chambres: 6<\/p>\n<p>Syst\u00e8me de joint: joint int\u00e9rieur-ext\u00e9rieur et interm\u00e9diaire, syst\u00e8me \u00e0 3 joints<br \/>\nType \/ couleur de joint: TPE &#8211; Gris \/ Noir<br \/>\nLatte: Clou simple &#8211; Joint PCE<br \/>\n\u00c9paisseur du verre (mm):24,30,36,44,52<br \/>\nUw * : 0,99 W\/m2 K<br \/>\nUf : 1,18 W\/m2 K<\/p>\n<p><a href=\"https:\/\/www.penplast.com.tr\/fr\/magaza\/systeme-coulissant-pimapen-dynamic\/\">Continue Reading<span class=\"meta-nav\">&rarr;<\/span><\/a><\/p>\n","protected":false},"featured_media":107,"template":"","meta":[],"product_cat":[209,20],"product_tag":[],"class_list":["post-106","product","type-product","status-publish","has-post-thumbnail","hentry","product_cat-pimapen-sistem","product_cat-pencere-ve-kapi-surme-sistemleri"],"translation":{"provider":"WPGlobus","version":"3.0.2","language":"fr","enabled_languages":["tr","en","fr"],"languages":{"tr":{"title":true,"content":true,"excerpt":true},"en":{"title":true,"content":true,"excerpt":true},"fr":{"title":true,"content":true,"excerpt":true}}},"_links":{"self":[{"href":"https:\/\/www.penplast.com.tr\/fr\/wp-json\/wp\/v2\/product\/106","targetHints":{"allow":["GET"]}}],"collection":[{"href":"https:\/\/www.penplast.com.tr\/fr\/wp-json\/wp\/v2\/product"}],"about":[{"href":"https:\/\/www.penplast.com.tr\/fr\/wp-json\/wp\/v2\/types\/product"}],"wp:featuredmedia":[{"embeddable":true,"href":"https:\/\/www.penplast.com.tr\/fr\/wp-json\/wp\/v2\/media\/107"}],"wp:attachment":[{"href":"https:\/\/www.penplast.com.tr\/fr\/wp-json\/wp\/v2\/media?parent=106"}],"wp:term":[{"taxonomy":"product_cat","embeddable":true,"href":"https:\/\/www.penplast.com.tr\/fr\/wp-json\/wp\/v2\/product_cat?post=106"},{"taxonomy":"product_tag","embeddable":true,"href":"https:\/\/www.penplast.com.tr\/fr\/wp-json\/wp\/v2\/product_tag?post=106"}],"curies":[{"name":"wp","href":"https:\/\/api.w.org\/{rel}","templated":true}]}}