{"id":102,"date":"2018-11-05T20:15:25","date_gmt":"2018-11-05T17:15:25","guid":{"rendered":"http:\/\/www.penplast.com.tr\/?post_type=product&#038;p=102"},"modified":"2021-04-11T17:45:58","modified_gmt":"2021-04-11T14:45:58","slug":"eforte","status":"publish","type":"product","link":"https:\/\/www.penplast.com.tr\/fr\/magaza\/eforte\/","title":{"rendered":"\u0130noutic Eforte"},"content":{"rendered":"<p>Largeur du profil\u00e9 Eforte: 84 mm<br \/>\nNombre de chambre 6<br \/>\nClasse: Classe B &#8211; EN 12608<br \/>\njoint TPE gris\/ noir<\/p>\n<p>Nombre de joint 3<br \/>\nLatte: Double ar\u00eate &#8211; joint TPE \/<br \/>\n\u00c9paisseur du verre (mm):20,24,30,36,39,44,56<\/p>\n","protected":false},"excerpt":{"rendered":"<p>Inoutic, qui fait partie du groupe Deceuninck et produit en Allemagne ; est con\u00e7u pour \u00eatre utilis\u00e9 dans un large \u00e9ventail de domaines, des b\u00e2timents anciens, des nouvelles constructions et des centres de bureaux de grande hauteur jusqu\u2019aux applications ext\u00e9rieures avec ses caract\u00e9ristiques d&rsquo;isolation, ses options de couleur et ses valeurs de r\u00e9sistance statique sans renoncer aux avantages du PVC.<\/p>\n<p style=\"text-align: center;\"><strong>CATALOGUE DE COULEUR<\/strong><\/p>\n[foogallery id=\"129\"]\n<p>&nbsp;<\/p>\n<p><a href=\"https:\/\/www.penplast.com.tr\/fr\/magaza\/eforte\/\">Continue Reading<span class=\"meta-nav\">&rarr;<\/span><\/a><\/p>\n","protected":false},"featured_media":131,"template":"","meta":[],"product_cat":[209,25],"product_tag":[],"class_list":["post-102","product","type-product","status-publish","has-post-thumbnail","hentry","product_cat-pimapen-sistem","product_cat-inoutic-ithal-pencere-sistemleri"],"translation":{"provider":"WPGlobus","version":"3.0.2","language":"fr","enabled_languages":["tr","en","fr"],"languages":{"tr":{"title":true,"content":true,"excerpt":true},"en":{"title":true,"content":true,"excerpt":true},"fr":{"title":true,"content":true,"excerpt":true}}},"_links":{"self":[{"href":"https:\/\/www.penplast.com.tr\/fr\/wp-json\/wp\/v2\/product\/102","targetHints":{"allow":["GET"]}}],"collection":[{"href":"https:\/\/www.penplast.com.tr\/fr\/wp-json\/wp\/v2\/product"}],"about":[{"href":"https:\/\/www.penplast.com.tr\/fr\/wp-json\/wp\/v2\/types\/product"}],"wp:featuredmedia":[{"embeddable":true,"href":"https:\/\/www.penplast.com.tr\/fr\/wp-json\/wp\/v2\/media\/131"}],"wp:attachment":[{"href":"https:\/\/www.penplast.com.tr\/fr\/wp-json\/wp\/v2\/media?parent=102"}],"wp:term":[{"taxonomy":"product_cat","embeddable":true,"href":"https:\/\/www.penplast.com.tr\/fr\/wp-json\/wp\/v2\/product_cat?post=102"},{"taxonomy":"product_tag","embeddable":true,"href":"https:\/\/www.penplast.com.tr\/fr\/wp-json\/wp\/v2\/product_tag?post=102"}],"curies":[{"name":"wp","href":"https:\/\/api.w.org\/{rel}","templated":true}]}}