{"id":100,"date":"2018-11-05T20:11:12","date_gmt":"2018-11-05T17:11:12","guid":{"rendered":"http:\/\/www.penplast.com.tr\/?post_type=product&#038;p=100"},"modified":"2024-07-05T21:58:03","modified_gmt":"2024-07-05T18:58:03","slug":"carisma-premium","status":"publish","type":"product","link":"https:\/\/www.penplast.com.tr\/fr\/magaza\/carisma-premium\/","title":{"rendered":"Carisma Premium"},"content":{"rendered":"<p><span style=\"font-size: 12pt;\"><strong>Conception<\/strong><\/span><br \/>\nGr\u00e2ce \u00e0 la hauteur optimis\u00e9e du profil\u00e9 de porte en PVC en augmentant la zone vitr\u00e9e rend vos espaces plus spacieux<\/p>\n<p>En plus de la couleur blanche de son corps des profil\u00e9s, il dispose 13 profil\u00e9s lamin\u00e9s de couleurs et de motifs diff\u00e9rents.<\/p>\n<p>Gr\u00e2ce \u00e0 (ses rails) lattes de bord cannel\u00e9s et ovales sp\u00e9cialement con\u00e7us, La combinaison de vitre \u2013 profil\u00e9 sont plus esth\u00e9tiques et agr\u00e9ables.<br \/>\nUn profil\u00e9 de cadre avec syst\u00e8me int\u00e9gr\u00e9 assure une esth\u00e9tique visuelle de la surface int\u00e9rieure et des joints entre le mur et la menuiserie.<br \/>\nIl s&rsquo;agit d&rsquo;une s\u00e9rie avec un profil\u00e9 de rail de jonction sp\u00e9cialement con\u00e7u offrant une r\u00e9sistance \u00e9lev\u00e9e \u00e0 la charge du vent dans les immeubles de grande hauteur.<br \/>\n<span style=\"font-size: 12pt;\"><strong>Accessoire<\/strong><\/span><br \/>\nVous pouvez choisir diff\u00e9rentes couleurs de poign\u00e9es de fen\u00eatre et de porte pour correspondre au style architectural de votre maison.<br \/>\nVous pouvez contr\u00f4ler avec l\u2019harmonie les entr\u00e9es de la lumi\u00e8re par le biais de syst\u00e8me Pimastor .<\/p>\n<p>Peut convenir pour la mise en place de moustiquaire.<\/p>\n<p><span style=\"font-size: 12pt;\"><strong>Isolation<\/strong><\/span><br \/>\nLes principaux profil\u00e9s des syst\u00e8mes de portes et fen\u00eatres Pimapen Carisma Premium ont une largeur de 70 mm.<br \/>\nIls offrent des performances \u00e9lev\u00e9es en mati\u00e8re d&rsquo;isolation thermique et phonique avec leurs profil\u00e9s \u00e0 5 chambres et Profil\u00e9s TS EN 12608-<span style=\"font-size: 12pt;\"><strong>1 Classe A<\/strong> <\/span>.<br \/>\nDes joints qui ont une haute r\u00e9sistance aux UV, et aussi \u00e0 des variables telles que l&rsquo;humidit\u00e9 ou a la temp\u00e9rature ambiante sont utilis\u00e9s.<br \/>\nGr\u00e2ce aux joints \u00e9lastiques antitaches gris et noir, il offre un haut niveau d&rsquo;isolation \u00e0 l&rsquo;air, \u00e0 l&rsquo;eau, au bruit et \u00e0 la poussi\u00e8re.<br \/>\nIl s&rsquo;agit d&rsquo;une s\u00e9rie avec un profil\u00e9 de rail de r\u00e9union sp\u00e9cialement con\u00e7u offrant une r\u00e9sistance \u00e9lev\u00e9e \u00e0 la charge du vent dans les immeubles de grande hauteur.<\/p>\n<p>Il a \u00e9t\u00e9 soumis \u00e0 divers tests par l&rsquo;Institut RAL-Allemagne et a re\u00e7u un certificat d&rsquo;assurance qualit\u00e9.<br \/>\n<span style=\"font-size: 12pt;\"><strong>S\u00e9curit\u00e9<\/strong><\/span><br \/>\n\u0130l fournit une haute s\u00e9curit\u00e9 dans des combinaisons de verre de s\u00e9curit\u00e9 allant jusqu&rsquo;\u00e0 39 mm.<br \/>\nGr\u00e2ce aux diff\u00e9rentes alternatives appliqu\u00e9es, la s\u00e9curit\u00e9 des syst\u00e8mes de portes et fen\u00eatres a augment\u00e9.<\/p>\n","protected":false},"excerpt":{"rendered":"<p>D\u00e9velopp\u00e9 pour r\u00e9pondre aux d\u00e9tails techniques les plus id\u00e9aux, Pimapen Carisma Premium ajoute de la valeur \u00e0 vos espaces de vie avec des options de profil\u00e9 TS EN 12608-1 Classe A et des caract\u00e9ristiques d&rsquo;isolation sup\u00e9rieures.<\/p>\n<p style=\"text-align: center;\"><strong>CATALOGUE COULEUR<\/strong><\/p>\n[foogallery id=\"87\"]\n<p style=\"text-align: center;\"><strong>CARACT\u00c9RISTIQUES DU PROFILE<\/strong><\/p>\n<p>Largeur du profil\u00e9: 70 mm<br \/>\nNombre de chambres: 5<br \/>\nClasse de profil\u00e9: A Class (TS EN 12608-1) \/ RAL 716-GZ A Class<br \/>\nSyst\u00e8me d&rsquo;\u00e9tanch\u00e9it\u00e9: syst\u00e8me int\u00e9rieur-ext\u00e9rieur \u00e0 2 joints<\/p>\n<p>Type \/ couleur de joint: TPE &#8211; Gris \/ Noir<br \/>\n\u00c9paisseur du verre (mm): 4, 20, 24, 26, 30, 36, 39<\/p>\n<p><a href=\"https:\/\/www.penplast.com.tr\/fr\/magaza\/carisma-premium\/\">Continue Reading<span class=\"meta-nav\">&rarr;<\/span><\/a><\/p>\n","protected":false},"featured_media":101,"template":"","meta":[],"product_cat":[19],"product_tag":[],"class_list":["post-100","product","type-product","status-publish","has-post-thumbnail","hentry","product_cat-pencere-ve-kapi-sistemleri"],"translation":{"provider":"WPGlobus","version":"3.0.2","language":"fr","enabled_languages":["tr","en","fr"],"languages":{"tr":{"title":true,"content":true,"excerpt":true},"en":{"title":true,"content":true,"excerpt":true},"fr":{"title":true,"content":true,"excerpt":true}}},"_links":{"self":[{"href":"https:\/\/www.penplast.com.tr\/fr\/wp-json\/wp\/v2\/product\/100","targetHints":{"allow":["GET"]}}],"collection":[{"href":"https:\/\/www.penplast.com.tr\/fr\/wp-json\/wp\/v2\/product"}],"about":[{"href":"https:\/\/www.penplast.com.tr\/fr\/wp-json\/wp\/v2\/types\/product"}],"wp:featuredmedia":[{"embeddable":true,"href":"https:\/\/www.penplast.com.tr\/fr\/wp-json\/wp\/v2\/media\/101"}],"wp:attachment":[{"href":"https:\/\/www.penplast.com.tr\/fr\/wp-json\/wp\/v2\/media?parent=100"}],"wp:term":[{"taxonomy":"product_cat","embeddable":true,"href":"https:\/\/www.penplast.com.tr\/fr\/wp-json\/wp\/v2\/product_cat?post=100"},{"taxonomy":"product_tag","embeddable":true,"href":"https:\/\/www.penplast.com.tr\/fr\/wp-json\/wp\/v2\/product_tag?post=100"}],"curies":[{"name":"wp","href":"https:\/\/api.w.org\/{rel}","templated":true}]}}