{"id":3217,"date":"2021-03-28T19:17:54","date_gmt":"2021-03-28T16:17:54","guid":{"rendered":"https:\/\/www.penplast.com.tr\/pimapen-servis-formu\/"},"modified":"2026-03-06T11:28:53","modified_gmt":"2026-03-06T08:28:53","slug":"pimapen-servis-formu","status":"publish","type":"page","link":"https:\/\/www.penplast.com.tr\/fr\/formulaire-de-service\/","title":{"rendered":"Servis Formu"},"content":{"rendered":"<div class=\"ttr_pimapen-servis-formu_html_row0 row\" >\n<div class=\"post_column col-xl-12 col-lg-12 col-md-12 col-sm-12 col-xs-12 col-12\">\n<div class=\"ttr_pimapen-servis-formu_html_column00\">\n<div class=\"margin_collapsetop\"><\/div>\n<div class=\"html_content\">\n<p style=\"text-indent:0px;margin:10px 0px 10px 0px;text-align:Center; display:block; line-height:2.5em;\"><span style=\"font-family:'Arial';font-size:2em;color:rgba(22,71,126,1);\">Servis Hizmeti<\/span><\/p>\n<\/div>\n<div class=\"margin_collapsetop\"><\/div>\n<div style=\"clear:both;width:0px;\"><\/div>\n<\/div>\n<\/div>\n<div class=\" visible-lg-block d-xl-block d-lg-block visible-md-block d-md-block visible-sm-block d-sm-block visible-xs-block d-block\" style=\"clear: both;width:0px;\"><\/div>\n<\/div>\n<div class=\"ttr_pimapen-servis-formu_html_row1 row\" >\n<div class=\"post_column col-xl-6 col-lg-6 col-md-12 col-sm-12 col-xs-12 col-12\">\n<div class=\"ttr_pimapen-servis-formu_html_column10\">\n<div class=\"margin_collapsetop\"><\/div>\n<div class=\"html_content\">\n<p style=\"text-align:Center; display:block; \"><span style=\"font-family:'Trebuchet MS';font-size:1.733em;color:rgba(16,65,120,1);\">Servis Talebi G\u00f6nderin<\/span><\/p>\n<p style=\"margin:5px 0px 5px 0px;line-height:1.87em;\"><span style=\"font-family:'Arial';font-size:1.2em;color:rgba(16,65,120,1);\">T\u00fcketicilerimizin \u00fcr\u00fcn se\u00e7iminde ve tercih etme a\u015famas\u0131nda etkin olan \u00f6nemli fakt\u00f6rlerinden biri de, firmam\u0131z\u0131n sat\u0131\u015f sonras\u0131nda m\u00fc\u015fterilerine sunmu\u015f oldu\u011fu servis hizmetidir. <\/span><\/p>\n<p style=\"margin:5px 0px 5px 0px;line-height:1.87em;\"><span style=\"font-family:'Arial';font-size:1.2em;color:rgba(16,65,120,1);\">\u00dcr\u00fcnlerin kullan\u0131m \u00f6mr\u00fc s\u00fcresince; verilen servis hizmetinin kalitesi, s\u00fcreklili\u011fi, g\u00fcvenililirli\u011fi, servis a\u011f\u0131n\u0131n yayg\u0131n olmas\u0131, e\u011fitimli servis teknisyenleri ve yedek par\u00e7a garantisi ile servis hizmetlerimiz dahilinde m\u00fc\u015fteri memnuniyeti en \u00fcst seviyelerde tutulmaktad\u0131r. <\/span><\/p>\n<p style=\"margin:5px 0px 5px 0px;text-align:Center; display:block; \"><span style=\"font-family:'Trebuchet MS';font-weight:700;font-size:1.533em;color:rgba(16,65,120,1);\">Servis talepleriniz i\u00e7in formu doldurman\u0131z yeterlidir.<\/span><\/p>\n<p><br style=\"line-height:1.39em;\" \/><\/div>\n<div class=\"margin_collapsetop\"><\/div>\n<div style=\"clear:both;width:0px;\"><\/div>\n<\/div>\n<\/div>\n<div class=\" visible-md-block d-md-block visible-sm-block d-sm-block visible-xs-block d-block\" style=\"clear: both;width:0px;\"><\/div>\n<div class=\"post_column col-xl-6 col-lg-6 col-md-12 col-sm-12 col-xs-12 col-12\">\n<div class=\"ttr_pimapen-servis-formu_html_column11\">\n<div class=\"margin_collapsetop\"><\/div>\n<div class=\"html_content\">\n<p style=\"text-align:Center; display:block; \"><span style=\"font-family:'Trebuchet MS';font-size:1.733em;color:rgba(16,65,120,1);\">Servis Talep Formu<\/span><\/p>\n<p style=\"text-align:Center; display:block; \">\n<div style=\"width:100%;\" xmlns=\"contactformparentdiv\">\n<div class=\"contactformdiv\" style=\"margin:0px 0px 0px 0px;\">\n<div class=\"wpcf7 no-js\" id=\"wpcf7-f4738-o1\" lang=\"\" dir=\"ltr\" data-wpcf7-id=\"4738\">\n<div class=\"screen-reader-response\"><p role=\"status\" aria-live=\"polite\" aria-atomic=\"true\"><\/p> <ul><\/ul><\/div>\n<form action=\"\/fr\/wp-json\/wp\/v2\/pages\/3217#wpcf7-f4738-o1\" method=\"post\" class=\"wpcf7-form init form-horizontal\" aria-label=\"Formulaire de contact\" novalidate=\"novalidate\" data-status=\"init\">\n<fieldset class=\"hidden-fields-container\"><input type=\"hidden\" name=\"_wpcf7\" value=\"4738\" \/><input type=\"hidden\" name=\"_wpcf7_version\" value=\"6.1.5\" \/><input type=\"hidden\" name=\"_wpcf7_locale\" value=\"\" \/><input type=\"hidden\" name=\"_wpcf7_unit_tag\" value=\"wpcf7-f4738-o1\" \/><input type=\"hidden\" name=\"_wpcf7_container_post\" value=\"0\" \/><input type=\"hidden\" name=\"_wpcf7_posted_data_hash\" value=\"\" \/><input type=\"hidden\" name=\"_wpcf7_recaptcha_response\" value=\"\" \/>\n<\/fieldset>\n<div class=\"form-group row g-0 mb-3\">\n\t<p><label class=\"col-md-4 control-label\"> Name<\/label>\n\t<\/p>\n\t<div class=\"col-md-8\">\n\t\t<p><span class=\"wpcf7-form-control-wrap\" data-name=\"text-101\"><input size=\"40\" maxlength=\"400\" class=\"wpcf7-form-control wpcf7-text form-control\" aria-invalid=\"false\" value=\"\" type=\"text\" name=\"text-101\" \/><\/span>\n\t\t<\/p>\n\t<\/div>\n<\/div>\n<div class=\"form-group row g-0 mb-3\">\n\t<p><label class=\"col-md-4 control-label\"> Email (required) <\/label>\n\t<\/p>\n\t<div class=\"col-md-8\">\n\t\t<p><span class=\"wpcf7-form-control-wrap\" data-name=\"text-102\"><input size=\"40\" maxlength=\"400\" class=\"wpcf7-form-control wpcf7-email wpcf7-validates-as-required wpcf7-text wpcf7-validates-as-email form-control\" aria-required=\"true\" aria-invalid=\"false\" value=\"\" type=\"email\" name=\"text-102\" \/><\/span>\n\t\t<\/p>\n\t<\/div>\n<\/div>\n<div class=\"form-group row g-0 mb-3\">\n\t<p><label class=\"col-md-4 control-label\"> Subject<\/label>\n\t<\/p>\n\t<div class=\"col-md-8\">\n\t\t<p><span class=\"wpcf7-form-control-wrap\" data-name=\"text-103\"><input size=\"40\" maxlength=\"400\" class=\"wpcf7-form-control wpcf7-text form-control\" aria-invalid=\"false\" value=\"\" type=\"text\" name=\"text-103\" \/><\/span>\n\t\t<\/p>\n\t<\/div>\n<\/div>\n<div class=\"form-group row g-0 mb-3\">\n\t<p><label class=\"col-md-4 control-label\"> Message<\/label>\n\t<\/p>\n\t<div class=\"col-md-8\">\n\t\t<p><span class=\"wpcf7-form-control-wrap\" data-name=\"your-message\"><textarea cols=\"40\" rows=\"4\" maxlength=\"2000\" class=\"wpcf7-form-control wpcf7-textarea wpcf7-validates-as-required form-control\" aria-required=\"true\" aria-invalid=\"false\" name=\"your-message\"><\/textarea><\/span>\n\t\t<\/p>\n\t<\/div>\n<\/div>\n<div class=\"form-group row g-0 mb-3\">\n\t<div class=\"col-md-8 col-md-offset-4 offset-md-4 \">\n\t\t<p><input class=\"wpcf7-form-control wpcf7-submit has-spinner\" id=\"submitform\" type=\"submit\" value=\"Send Message\" \/>\n\t\t<\/p>\n\t<\/div>\n<\/div><div class=\"wpcf7-response-output\" aria-hidden=\"true\"><\/div>\n<\/form>\n<\/div>\n<\/div>\n<\/div>\n<\/div>\n<div class=\"margin_collapsetop\"><\/div>\n<div style=\"clear:both;width:0px;\"><\/div>\n<\/div>\n<\/div>\n<div class=\" visible-lg-block d-xl-block d-lg-block visible-md-block d-md-block visible-sm-block d-sm-block visible-xs-block d-block\" style=\"clear: both;width:0px;\"><\/div>\n<\/div>\n","protected":false},"excerpt":{"rendered":"<p>Servis Hizmeti Servis Talebi G\u00f6nderin T\u00fcketicilerimizin \u00fcr\u00fcn se\u00e7iminde ve tercih etme a\u015famas\u0131nda etkin olan \u00f6nemli fakt\u00f6rlerinden biri de, firmam\u0131z\u0131n sat\u0131\u015f sonras\u0131nda m\u00fc\u015fterilerine sunmu\u015f oldu\u011fu servis hizmetidir. \u00dcr\u00fcnlerin kullan\u0131m \u00f6mr\u00fc s\u00fcresince; verilen servis hizmetinin kalitesi, s\u00fcreklili\u011fi, g\u00fcvenililirli\u011fi, servis a\u011f\u0131n\u0131n yayg\u0131n olmas\u0131, &hellip;<\/p>\n<p><a href=\"https:\/\/www.penplast.com.tr\/fr\/formulaire-de-service\/\">Continue Reading<span class=\"meta-nav\">&rarr;<\/span><\/a><\/p>\n","protected":false},"author":1,"featured_media":0,"parent":0,"menu_order":11,"comment_status":"closed","ping_status":"closed","template":"page-templates\/pimapen-servis-formu_page.php","meta":{"footnotes":""},"class_list":["post-3217","page","type-page","status-publish","hentry"],"translation":{"provider":"WPGlobus","version":"3.0.2","language":"fr","enabled_languages":["tr","en","fr"],"languages":{"tr":{"title":true,"content":true,"excerpt":false},"en":{"title":false,"content":false,"excerpt":false},"fr":{"title":false,"content":false,"excerpt":false}}},"_links":{"self":[{"href":"https:\/\/www.penplast.com.tr\/fr\/wp-json\/wp\/v2\/pages\/3217","targetHints":{"allow":["GET"]}}],"collection":[{"href":"https:\/\/www.penplast.com.tr\/fr\/wp-json\/wp\/v2\/pages"}],"about":[{"href":"https:\/\/www.penplast.com.tr\/fr\/wp-json\/wp\/v2\/types\/page"}],"author":[{"embeddable":true,"href":"https:\/\/www.penplast.com.tr\/fr\/wp-json\/wp\/v2\/users\/1"}],"replies":[{"embeddable":true,"href":"https:\/\/www.penplast.com.tr\/fr\/wp-json\/wp\/v2\/comments?post=3217"}],"version-history":[{"count":0,"href":"https:\/\/www.penplast.com.tr\/fr\/wp-json\/wp\/v2\/pages\/3217\/revisions"}],"wp:attachment":[{"href":"https:\/\/www.penplast.com.tr\/fr\/wp-json\/wp\/v2\/media?parent=3217"}],"curies":[{"name":"wp","href":"https:\/\/api.w.org\/{rel}","templated":true}]}}