{"id":106,"date":"2018-11-05T20:23:02","date_gmt":"2018-11-05T17:23:02","guid":{"rendered":"http:\/\/www.penplast.com.tr\/?post_type=product&#038;p=106"},"modified":"2023-01-28T15:26:32","modified_gmt":"2023-01-28T12:26:32","slug":"dynamic-surme-sistemi","status":"publish","type":"product","link":"https:\/\/www.penplast.com.tr\/en\/magaza\/dynamic-sliding-system\/","title":{"rendered":"Dynamic Sliding System"},"content":{"rendered":"<p><span style=\"font-size: 12pt;\"><strong>Design<\/strong><\/span><br \/>\nIn addition to the white body color, there are 13 different color alternatives.<br \/>\nThanks to the special design laths, the profile glass combinations give the product an aesthetic appearance.<br \/>\nThe Dynamic Sliding Window and Door System is advantageous compared to other systems with its ease of use and low maintenance costs.<br \/>\n<span style=\"font-size: 12pt;\"><strong>Accessory<\/strong><\/span><br \/>\nYou can choose different colors of window and door handles to match the architectural style of your home.<br \/>\nYou can control the light by being in full harmony with the Pimastor Shutter System.<br \/>\nIt is suitable for fly screen system application.<\/p>\n","protected":false},"excerpt":{"rendered":"<p>Pimapen Dynamic Sliding System Series may be applied to the wide spaces for windows and doors in the form of combinations of two, three and four units and, there is no vertical profile when the sashes are opened in the applications with 90\u00ba edges due to its specially designed movable edge joint profiles and, thus it offers more spacious visibility.<\/p>\n<p style=\"text-align: center;\"><strong>COLOR CATALOG<\/strong><\/p>\n[foogallery id=\"87\"]\n<p style=\"text-align: center;\"><strong>PROF\u0130LE FEATURES<\/strong><\/p>\n<p>Profile width : 149 mm<br \/>\nNumber of cubicles : 6<br \/>\nGasket type\/ color : TPE \u2013 Gray \/ Black<br \/>\n\u00c7\u0131ta : Tek T\u0131rnakl\u0131 &#8211; PCE Contal\u0131<br \/>\nGlass thickness (mm) : 24, 30, 36, 44, 52<br \/>\nUw * : 0,99 W\/m2 K<br \/>\nUf : 1,18 W\/m2 K<\/p>\n<p><a href=\"https:\/\/www.penplast.com.tr\/en\/magaza\/dynamic-sliding-system\/\">Continue Reading<span class=\"meta-nav\">&rarr;<\/span><\/a><\/p>\n","protected":false},"featured_media":107,"template":"","meta":[],"product_cat":[209,20],"product_tag":[],"class_list":["post-106","product","type-product","status-publish","has-post-thumbnail","hentry","product_cat-pimapen-sistem","product_cat-pencere-ve-kapi-surme-sistemleri"],"translation":{"provider":"WPGlobus","version":"3.0.2","language":"en","enabled_languages":["tr","en","fr"],"languages":{"tr":{"title":true,"content":true,"excerpt":true},"en":{"title":true,"content":true,"excerpt":true},"fr":{"title":true,"content":true,"excerpt":true}}},"_links":{"self":[{"href":"https:\/\/www.penplast.com.tr\/en\/wp-json\/wp\/v2\/product\/106","targetHints":{"allow":["GET"]}}],"collection":[{"href":"https:\/\/www.penplast.com.tr\/en\/wp-json\/wp\/v2\/product"}],"about":[{"href":"https:\/\/www.penplast.com.tr\/en\/wp-json\/wp\/v2\/types\/product"}],"wp:featuredmedia":[{"embeddable":true,"href":"https:\/\/www.penplast.com.tr\/en\/wp-json\/wp\/v2\/media\/107"}],"wp:attachment":[{"href":"https:\/\/www.penplast.com.tr\/en\/wp-json\/wp\/v2\/media?parent=106"}],"wp:term":[{"taxonomy":"product_cat","embeddable":true,"href":"https:\/\/www.penplast.com.tr\/en\/wp-json\/wp\/v2\/product_cat?post=106"},{"taxonomy":"product_tag","embeddable":true,"href":"https:\/\/www.penplast.com.tr\/en\/wp-json\/wp\/v2\/product_tag?post=106"}],"curies":[{"name":"wp","href":"https:\/\/api.w.org\/{rel}","templated":true}]}}